{"id":2387,"date":"2013-04-02T10:22:32","date_gmt":"2013-04-02T10:22:32","guid":{"rendered":"http:\/\/www.press.eleworks.de\/?page_id=2387"},"modified":"2022-09-27T21:44:31","modified_gmt":"2022-09-27T21:44:31","slug":"datenerfassung-reisen-seitenumfange-templates","status":"publish","type":"page","link":"https:\/\/press.eleworks.de\/?page_id=2387","title":{"rendered":"Seitenumf\u00e4nge"},"content":{"rendered":"\n<p class=\"has-text-align-center has-medium-font-size\"><strong>Seitenzahlen von Druckobjekten<\/strong><\/p>\n\n\n\n<p class=\"has-text-align-center has-medium-font-size\"><span style=\"color: #888888; font-size: 20px;\"><strong>Angefangen mit 4 Seiten, dann 8; 12; 16; 20 &#8230;&#8230;. also je 4 Seiten weiter!<\/strong><\/span> <br \/><strong>Wie kommt das?<\/strong><\/p>\n\n\n\n<hr class=\"wp-block-separator has-alpha-channel-opacity\"\/>\n\n\n<div class=\"wp-block-image\">\n<figure class=\"aligncenter size-large is-resized\"><img loading=\"lazy\" decoding=\"async\" src=\"http:\/\/www.press.eleworks.de\/wp-content\/uploads\/2022\/08\/books-1204029-1024x681.jpg\" alt=\"\" class=\"wp-image-2742\" width=\"843\" height=\"561\"\/><\/figure><\/div>\n\n\n<hr class=\"wp-block-separator has-alpha-channel-opacity\"\/>\n\n\n\n<p class=\"has-text-align-center\"><span style=\"color: #888888;\"><strong><span style=\"font-size: 28px;\">Seiten durch 16 teilbar<\/span><\/strong><\/span><\/p>\n\n\n\n<p>Haben Sie sich schon einmal gefragt, ob man zwischen die Seiten 13 und 14 eines Buches ein Lesezeichen legen kann? Nun einem Druckerlehrling der seine Gesellenpr\u00fcfung macht wird diese Frage oft gestellt.<\/p>\n\n\n\n<p>Die richtige Antwort darauf muss nat\u00fcrlich lauten: Nein, denn die Seite 13 und die Seite 14 sind ja Vorder- und R\u00fcckseite eines einzigen Buchblattes.<\/p>\n\n\n\n<p>Und jetzt kommen wir so langsam zum Thema. Werden die Bl\u00e4tter eines Buches eigentlich einzeln gedruckt? Die Antwort auf diese Frage ist auch einfach, aber was dahinter steht kann sch\u00f6n kompliziert sein.<\/p>\n\n\n\n<p>Die Seiten eines Buches werden nicht einzeln fortlaufend gedruckt, sondern es werden mehrere Seiten des Buches zu einem Bogen zusammengestellt.<\/p>\n\n\n\n<p>Diesen Vorgang nennen die Buchdrucker &#8222;Ausschiessen&#8220;. Die einfachste Ausschiess-Form eines Druckbogens ist eine 4seitige. Nehmen Sie einfach ein DIN-A3 Blatt zur Hand und falten Sie ihn in der Mitte. Halten Sie ihn so, dass der Bund, also die gefaltete Seite nach links zeigt.<\/p>\n\n\n\n<p>Schreiben Sie nun rechts unten eine 1. Dann nummerieren Sie die Seiten weiter. Wenn Sie nun die Seiten aufklappen steht die Seite 4 zusammen im Bund mit der Seite 1. Wenn das so ist, haben Sie richtig ausgeschossen.<\/p>\n\n\n\n<p>Man kann sich leicht vorstellen, dass diese ganze Geschichte schnell un\u00fcbersichtlich und kompliziert wird, wenn das Papierblatt gr\u00f6\u00dfer ist und wenn \u00f6fter gefalzt wird. Zum Beispiel ergeben zwei Falzungen schon 8 Seiten. Drei Falzungen 16 und vier Falzungen 32 Seiten.<\/p>\n\n\n\n<p>Wenn Sie nun wieder die Seiten Durchnummerieren &#8211; der Buchdrucker spricht von Paginieren &#8211; und dann das Ganze auseinander klappen, sehen Sie ein ziemliches Wirrwar von Ziffern, die an den unm\u00f6glichsten Stellen des Papierbogens auftauchen.<\/p>\n\n\n\n<p>Das ist das Schema nachdem der Buchdrucker die Seiten des Buches anordnen muss, um nachher einen perfekten Druckbogen zu haben. Die meisten B\u00fccher haben mehr als 32 Seiten. Die gro\u00dfen Druckmaschinen die daf\u00fcr sorgen, dass viele Seiten des Buches zugleich gedruckt werden k\u00f6nnen sind wahre Monstermaschinen.<\/p>\n\n\n\n<p>Mindestens 16 Seiten m\u00fcssen zugleich gedruckt werden k\u00f6nnen, besser noch 32 &#8211; wobei es nat\u00fcrlich auf die L\u00e4nge und die Breite des Buches ankommt.<\/p>\n\n\n\n<p>Bei den genannten 32 Seiten werden die Seiten 1, 4, 5, 8, 9, 12, 13, 16, 17, 20, 21, 24, 25, 28, 29 und die 32 nach einem genauen Plan auf einer Seite des Druckbogens gedruckt, und der Rest auf die R\u00fcckseite des Bogens.<\/p>\n\n\n\n<p>Dabei m\u00fcssen die Seiten sp\u00e4ter wenn der Bogen gefaltet wird, fortlaufend von 1 bis 32 in der richtigen Reihenfolge stehen. Nun gibt es ein paar Kontrollm\u00f6glichkeiten durch Summenvergleiche. Die Summe der Seitenziffern die am Bund zusammen liegen, muss in diesem Fall immer 33 betragen.<\/p>\n\n\n\n<p>Wenn aber der Drucker die Seiten falsch angeordnet hat, ist die Katastrophe passiert. Dann folgt sp\u00e4ter im Buch auf die Seite 13 zum Beispiel die Seite 25.<\/p>\n\n\n\n<p>Es macht auch etwas aus wie man die B\u00f6gen nach dem ersten Druckvorgang wendet, bevor man sie wieder in die Druckmaschine einlegt. Umschl\u00e4gt man die Papierb\u00f6gen, oder Umdreht man sie, oder wendet man das Verfahren des Umst\u00fclpens an.<\/p>\n\n\n\n<p>Also wendet man von Rechts nach Links, von Unten nach Oben oder wendet man das Papier diagonal. Das hat nat\u00fcrlich Einfluss darauf wie die Seiten auf dem Druckbogen angeordnet sein m\u00fcssen.<\/p>\n\n\n\n<p>Nun wird auch schnell klar, warum die Seitenzahl eines Buches fast immer 16 oder ein Mehrfaches von 16 betr\u00e4gt. Die Druckform von 16 Seiten m\u00fcssen gef\u00fcllt werden, wenn es sein muss sogar mit leeren Seiten.<\/p>\n\n\n\n<p>Auch daf\u00fcr gibt es einen schicken Namen, die leeren Seiten hei\u00dfen Vakatseiten. Bei manchen B\u00fcchern sieht man, dass die Bilderseiten alle in der Mitte des Buches stehen.<\/p>\n\n\n\n<p>Das hat seinen Grund ebenfalls in der Tatsache, dass Bilder oftmals auf besonders glattes und wei\u00dfes Papier gedruckt werden um die Bilder besser zur Geltung zu bringen. Auch hier sind es meistens 16 oder 32 Seiten.<\/p>\n\n\n\n<div style=\"background-image: initial; background-attachment: initial; background-origin: initial; background-clip: initial; background-color: #ffffbf; color: #000000; font-family: arial, sans-serif; font-size: 13px; font-style: normal; font-variant: normal; font-weight: normal; height: auto; line-height: normal; text-align: left; width: auto; direction: ltr; z-index: 99995; background-position: initial initial; background-repeat: initial initial; padding: 0px; margin: 0px; border: 0px initial initial;\">&nbsp;<\/div>\n","protected":false},"excerpt":{"rendered":"<p>Seitenzahlen von Druckobjekten Angefangen mit 4 Seiten, dann 8; 12; 16; 20 &#8230;&#8230;. also je 4 Seiten weiter! Wie kommt das? Seiten durch 16 teilbar Haben Sie sich schon einmal gefragt, ob man zwischen die Seiten 13 und 14 eines Buches ein Lesezeichen legen kann? Nun einem Druckerlehrling der seine Gesellenpr\u00fcfung macht wird diese Frage [&hellip;]<\/p>\n","protected":false},"author":1,"featured_media":0,"parent":3278,"menu_order":2,"comment_status":"open","ping_status":"closed","template":"fullwidth.php","meta":{"footnotes":""},"class_list":["post-2387","page","type-page","status-publish","hentry"],"_links":{"self":[{"href":"https:\/\/press.eleworks.de\/index.php?rest_route=\/wp\/v2\/pages\/2387","targetHints":{"allow":["GET"]}}],"collection":[{"href":"https:\/\/press.eleworks.de\/index.php?rest_route=\/wp\/v2\/pages"}],"about":[{"href":"https:\/\/press.eleworks.de\/index.php?rest_route=\/wp\/v2\/types\/page"}],"author":[{"embeddable":true,"href":"https:\/\/press.eleworks.de\/index.php?rest_route=\/wp\/v2\/users\/1"}],"replies":[{"embeddable":true,"href":"https:\/\/press.eleworks.de\/index.php?rest_route=%2Fwp%2Fv2%2Fcomments&post=2387"}],"version-history":[{"count":13,"href":"https:\/\/press.eleworks.de\/index.php?rest_route=\/wp\/v2\/pages\/2387\/revisions"}],"predecessor-version":[{"id":2821,"href":"https:\/\/press.eleworks.de\/index.php?rest_route=\/wp\/v2\/pages\/2387\/revisions\/2821"}],"up":[{"embeddable":true,"href":"https:\/\/press.eleworks.de\/index.php?rest_route=\/wp\/v2\/pages\/3278"}],"wp:attachment":[{"href":"https:\/\/press.eleworks.de\/index.php?rest_route=%2Fwp%2Fv2%2Fmedia&parent=2387"}],"curies":[{"name":"wp","href":"https:\/\/api.w.org\/{rel}","templated":true}]}}